{"id":30,"date":"2026-02-26T14:25:09","date_gmt":"2026-02-26T14:25:09","guid":{"rendered":"https:\/\/osvladimirbukilic.edu.rs\/?page_id=30"},"modified":"2026-02-26T14:46:37","modified_gmt":"2026-02-26T14:46:37","slug":"pocetna","status":"publish","type":"page","link":"https:\/\/osvladimirbukilic.edu.rs\/?page_id=30","title":{"rendered":"Po\u010detna"},"content":{"rendered":"\n<h2 class=\"wp-block-heading\">Osnovna \u0161kola \u201cVladimir Bukili\u0107\u201d Tulare je dr\u017eavna ustanova u kojoj se sti\u010de osnovno obrazovanje i vaspitanje i ostvaruje nastavni plan i program u trajanju od osam godina. Nastava se izvodi na srpskom jeziku.<br>Zgrada mati\u010dne \u0161kole u Tularu je stara, ali relativno ure\u0111ena za nesmetan rad. Od tvrdog materijala je izgra\u0111ena 1935. godine &#8211; prvi sprat, a 1958. godine i drugi sprat. \u0160kola ima 6 u\u010dionica, biblioteku, kancelariju za direktora, sekretara i nastavnike, podrum, mokri \u010dvor u dvori\u0161tu, mokri \u010dvor u \u0161koli, veliko \u0161kolsko dvori\u0161te sa terenom za mali fudbal i ko\u0161arku, kao i zgradu za stanovanje, koja je u izuzetnom lo\u0161em stanju i bez uslova za \u017eivot.<br>Prema letopisu \u0161kole, prva \u0161kola u Tularu osnovana je 1905. godine kao \u010detvororazredna. Odlukom Saveta za prosvetu i kulturu Narodnog odbora Sreza Jablani\u010dkog, \u0161kola je pretvorena u osmogodi\u0161nju 1953. godine,kao samostalna dr\u017eavna ustanova od posebnog zna\u010daja, organizovana radi ostvarivanja zadataka osnovnog obrazovanja i vaspitanja dece \u0161kolskog uzrasta. \u0160kola se nalazi u sredi\u0161tu sela Tulara, ali je dugogodi\u0161njom migracijom stanovni\u0161tva iz Tulara i okolnih sela do\u0161lo do drasti\u010dnog opadanja broja dece \u0161kolskog uzrasta kao i stanovnika.<br>Nastava se odvija u centralnoj \u0161koli u Tularu od prvog do osmog razreda a u izdvojenim odeljenjima koja se nalaze u selima Bogunovcu i Gubavcu od prvog do \u010detvrtog razreda.<\/h2>\n","protected":false},"excerpt":{"rendered":"<p>Osnovna \u0161kola \u201cVladimir Bukili\u0107\u201d Tulare je dr\u017eavna ustanova u kojoj se sti\u010de osnovno obrazovanje i vaspitanje i ostvaruje nastavni plan i program u trajanju od osam godina. Nastava se izvodi na srpskom jeziku.Zgrada mati\u010dne \u0161kole u Tularu je stara, ali relativno ure\u0111ena za nesmetan rad. Od tvrdog materijala je izgra\u0111ena 1935. godine &#8211; prvi sprat, [&hellip;]<\/p>\n","protected":false},"author":1,"featured_media":0,"parent":0,"menu_order":0,"comment_status":"closed","ping_status":"closed","template":"","meta":{"footnotes":""},"class_list":["post-30","page","type-page","status-publish","hentry"],"_links":{"self":[{"href":"https:\/\/osvladimirbukilic.edu.rs\/index.php?rest_route=\/wp\/v2\/pages\/30","targetHints":{"allow":["GET"]}}],"collection":[{"href":"https:\/\/osvladimirbukilic.edu.rs\/index.php?rest_route=\/wp\/v2\/pages"}],"about":[{"href":"https:\/\/osvladimirbukilic.edu.rs\/index.php?rest_route=\/wp\/v2\/types\/page"}],"author":[{"embeddable":true,"href":"https:\/\/osvladimirbukilic.edu.rs\/index.php?rest_route=\/wp\/v2\/users\/1"}],"replies":[{"embeddable":true,"href":"https:\/\/osvladimirbukilic.edu.rs\/index.php?rest_route=%2Fwp%2Fv2%2Fcomments&post=30"}],"version-history":[{"count":2,"href":"https:\/\/osvladimirbukilic.edu.rs\/index.php?rest_route=\/wp\/v2\/pages\/30\/revisions"}],"predecessor-version":[{"id":49,"href":"https:\/\/osvladimirbukilic.edu.rs\/index.php?rest_route=\/wp\/v2\/pages\/30\/revisions\/49"}],"wp:attachment":[{"href":"https:\/\/osvladimirbukilic.edu.rs\/index.php?rest_route=%2Fwp%2Fv2%2Fmedia&parent=30"}],"curies":[{"name":"wp","href":"https:\/\/api.w.org\/{rel}","templated":true}]}}