{"id":2,"date":"2016-05-10T03:48:21","date_gmt":"2016-05-10T03:48:21","guid":{"rendered":"http:\/\/osvladimirbukilic.edu.rs\/?page_id=2"},"modified":"2026-02-26T14:13:46","modified_gmt":"2026-02-26T14:13:46","slug":"sample-page","status":"publish","type":"page","link":"https:\/\/osvladimirbukilic.edu.rs\/?page_id=2","title":{"rendered":"O nama"},"content":{"rendered":"<p>Vladimir Bukili\u0107 se rodio 1919. godine u Velikoj Braini, kod Medve\u0111e. Osnovnu \u0161kolu zavr\u0161io je u Tularu, gimnaziju, u Pri\u0161tini. Bogosloviju u Prizrenu je zapo\u010deo, a potom zbog rada u SKOJ-u i organizacije \u0161trajka, biva isteran iz \u0161kole. Ipak uspeva da zavr\u0161i bogosloviju, ali nikada nije radio kao sve\u0161tenik.<\/p>\n<p>U NOB je stupio u avgustu 1941. godine, kada u odredu na Kukavici postaje sanitetski referent. Jedan je od boraca koji su formirali Jablani\u010dki odred, a u borbama za oslobo\u0111enje Lebana i Prokuplja, isticao se hrabro\u0161\u0107u i disciplinom. Partizansko ime \u201cPop Mi\u0107o, ili Mi\u0107a, kako su ga Leskov\u010dani prekrstili, dobio je po li\u010dnosti iz Njego\u0161evog \u201cGorskog vijenca\u201c.<\/p>\n<p>Tre\u0107u ratnu godinu, sa svojom, tek osnovanom Prvom ju\u017enomoravskom brigadom, u stalnim je mar\u0161evima na Radanu, kod Leca i Gajtana. Kada je postavljen za politi\u010dkog komesara, imao je samo 24 godine. Bio je jo\u0161 omladinac sa de\u010da\u010dkim licem, na kome su se videli tragovi napornog \u017eivota. Pamti se kao odli\u010dan govornik i rukovodilac.<\/p>\n<p>U prole\u0107e 1944. godine, Nemci i Bugari su pokrenuli veliku ofanzivu u Pustoj reci. U tim borbama, brigada je, jednog za drugim, izgubila dva komandanta, Strahinju Erakovi\u0107a i Vladimira Bukili\u0107a, Pop Mi\u0107u. Poginuo je kao junak, 28. marta, na planini Pasja\u010di, u jednom juri\u0161u.<\/p>\n<p>Za narodnog heroja progla\u0161en je 1953. godine. Jedna od najdu\u017eih leskova\u010dkih ulica i Osnovna \u0161kola u Tularu, koju je i sam poha\u0111ao, nose ime, odnosno nadimak Vladimira Bukili\u0107a-Pop Mi\u0107a.<\/p>\n","protected":false},"excerpt":{"rendered":"<p>Vladimir Bukili\u0107 se rodio 1919. godine u Velikoj Braini, kod Medve\u0111e. Osnovnu \u0161kolu zavr\u0161io je u Tularu, gimnaziju, u Pri\u0161tini. Bogosloviju u Prizrenu je zapo\u010deo, a potom zbog rada u SKOJ-u i organizacije \u0161trajka, biva isteran iz \u0161kole. Ipak uspeva da zavr\u0161i bogosloviju, ali nikada nije radio kao sve\u0161tenik. U NOB je stupio u avgustu [&hellip;]<\/p>\n","protected":false},"author":1,"featured_media":0,"parent":0,"menu_order":0,"comment_status":"closed","ping_status":"open","template":"","meta":{"footnotes":""},"class_list":["post-2","page","type-page","status-publish","hentry"],"_links":{"self":[{"href":"https:\/\/osvladimirbukilic.edu.rs\/index.php?rest_route=\/wp\/v2\/pages\/2","targetHints":{"allow":["GET"]}}],"collection":[{"href":"https:\/\/osvladimirbukilic.edu.rs\/index.php?rest_route=\/wp\/v2\/pages"}],"about":[{"href":"https:\/\/osvladimirbukilic.edu.rs\/index.php?rest_route=\/wp\/v2\/types\/page"}],"author":[{"embeddable":true,"href":"https:\/\/osvladimirbukilic.edu.rs\/index.php?rest_route=\/wp\/v2\/users\/1"}],"replies":[{"embeddable":true,"href":"https:\/\/osvladimirbukilic.edu.rs\/index.php?rest_route=%2Fwp%2Fv2%2Fcomments&post=2"}],"version-history":[{"count":2,"href":"https:\/\/osvladimirbukilic.edu.rs\/index.php?rest_route=\/wp\/v2\/pages\/2\/revisions"}],"predecessor-version":[{"id":18,"href":"https:\/\/osvladimirbukilic.edu.rs\/index.php?rest_route=\/wp\/v2\/pages\/2\/revisions\/18"}],"wp:attachment":[{"href":"https:\/\/osvladimirbukilic.edu.rs\/index.php?rest_route=%2Fwp%2Fv2%2Fmedia&parent=2"}],"curies":[{"name":"wp","href":"https:\/\/api.w.org\/{rel}","templated":true}]}}